{"id":13774,"date":"2015-10-19T18:58:00","date_gmt":"2015-10-19T18:58:00","guid":{"rendered":"https:\/\/www.agustinaandreoletti.com\/dca\/?page_id=13362"},"modified":"2026-01-30T13:20:59","modified_gmt":"2026-01-30T12:20:59","slug":"teilnahmebedingungen","status":"publish","type":"page","link":"https:\/\/award.wiwo.de\/boc\/teilnahmebedingungen\/","title":{"rendered":"Teilnahmebedingungen"},"content":{"rendered":"\n<style type=\"text\/css\" data-created_by=\"avia_inline_auto\" id=\"style-css-av-l00xp4jl-551a708241d056ce46ae4944299b35d6\">\n.flex_column.av-l00xp4jl-551a708241d056ce46ae4944299b35d6{\nborder-radius:0px 0px 0px 0px;\npadding:0px 0px 0px 0px;\n}\n<\/style>\n<div  class='flex_column av-l00xp4jl-551a708241d056ce46ae4944299b35d6 av_one_full  avia-builder-el-0  el_before_av_heading  avia-builder-el-first  first flex_column_div av-zero-column-padding  '     ><style type=\"text\/css\" data-created_by=\"avia_inline_auto\" id=\"style-css-av-l00xoywj-d3dd00b9a663a3f2280623b9c6848a10\">\n.avia-image-container.av-l00xoywj-d3dd00b9a663a3f2280623b9c6848a10 img.avia_image{\nbox-shadow:none;\n}\n.avia-image-container.av-l00xoywj-d3dd00b9a663a3f2280623b9c6848a10 .av-image-caption-overlay-center{\ncolor:#ffffff;\n}\n<\/style>\n<div  class='avia-image-container av-l00xoywj-d3dd00b9a663a3f2280623b9c6848a10 av-styling- avia-align-center  avia-builder-el-1  avia-builder-el-no-sibling '  ><div class=\"avia-image-container-inner\"><div class=\"avia-image-overlay-wrap\"><img decoding=\"async\" fetchpriority=\"high\" class='wp-image-18893 avia-img-lazy-loading-not-18893 avia_image ' src=\"https:\/\/award.wiwo.de\/boc\/wp-content\/uploads\/sites\/21\/2025\/11\/251113-WiWo_BoC_2025_1930x875.jpg\" alt='' title=''  height=\"875\" width=\"1930\" srcset=\"https:\/\/award.wiwo.de\/boc\/wp-content\/uploads\/sites\/21\/2025\/11\/251113-WiWo_BoC_2025_1930x875.jpg 1930w, https:\/\/award.wiwo.de\/boc\/wp-content\/uploads\/sites\/21\/2025\/11\/251113-WiWo_BoC_2025_1930x875-600x272.jpg 600w, https:\/\/award.wiwo.de\/boc\/wp-content\/uploads\/sites\/21\/2025\/11\/251113-WiWo_BoC_2025_1930x875-1030x467.jpg 1030w, https:\/\/award.wiwo.de\/boc\/wp-content\/uploads\/sites\/21\/2025\/11\/251113-WiWo_BoC_2025_1930x875-768x348.jpg 768w, https:\/\/award.wiwo.de\/boc\/wp-content\/uploads\/sites\/21\/2025\/11\/251113-WiWo_BoC_2025_1930x875-1536x696.jpg 1536w, https:\/\/award.wiwo.de\/boc\/wp-content\/uploads\/sites\/21\/2025\/11\/251113-WiWo_BoC_2025_1930x875-1500x680.jpg 1500w, https:\/\/award.wiwo.de\/boc\/wp-content\/uploads\/sites\/21\/2025\/11\/251113-WiWo_BoC_2025_1930x875-705x320.jpg 705w\" sizes=\"(max-width: 1930px) 100vw, 1930px\" \/><\/div><\/div><\/div><\/div>\r\n\r\n\n<style type=\"text\/css\" data-created_by=\"avia_inline_auto\" id=\"style-css-av-l0275wkv-87b159dfd0420843adab4dd24b3c13e6\">\n#top .av-special-heading.av-l0275wkv-87b159dfd0420843adab4dd24b3c13e6{\npadding-bottom:20px;\n}\nbody .av-special-heading.av-l0275wkv-87b159dfd0420843adab4dd24b3c13e6 .av-special-heading-tag .heading-char{\nfont-size:25px;\n}\n.av-special-heading.av-l0275wkv-87b159dfd0420843adab4dd24b3c13e6 .av-subheading{\nfont-size:15px;\n}\n<\/style>\n<div  class='av-special-heading av-l0275wkv-87b159dfd0420843adab4dd24b3c13e6 av-special-heading-h1  avia-builder-el-2  el_after_av_one_full  el_before_av_one_full  red-decorator-rectangle spacing-2 av-linked-heading'><h1 class='av-special-heading-tag '  >Teilnahmebedingungen<\/h1><div class=\"special-heading-border\"><div class=\"special-heading-inner-border\"><\/div><\/div><\/div>\r\n\r\n\n<style type=\"text\/css\" data-created_by=\"avia_inline_auto\" id=\"style-css-av-m2tz7y-f72cebde588138449249a5a055670a91\">\n.flex_column.av-m2tz7y-f72cebde588138449249a5a055670a91{\nborder-radius:0px 0px 0px 0px;\npadding:0px 0px 0px 0px;\n}\n<\/style>\n<div  class='flex_column av-m2tz7y-f72cebde588138449249a5a055670a91 av_one_full  avia-builder-el-3  el_after_av_heading  el_before_av_hr  first flex_column_div av-zero-column-padding  '     ><section  class='av_textblock_section av-m6roza36-72f90a64f37dd2e855c7e785b1093f77 '  ><div class='avia_textblock' ><p><span data-contrast=\"auto\">Teilnahmeberechtigt sind alle Management-Beratungs-Unternehmen aus Deutschland, \u00d6sterreich und der Schweiz, deren weltweiten Beratungsumsatz innerhalb jener Kategorie, in der sie ein Projekt einreichen, im Durchschnitt der letzten drei Jahre innerhalb der folgenden Grenzen liegt.<\/span><span data-ccp-props=\"{}\">\u00a0<\/span><\/p>\n<ul>\n<li>BEST OF CONSULTING BLUE CHIP: F\u00fcr weltweit agierende Beratungen mit mind. 500 Mio. Euro Umsatz weltweit.<\/li>\n<li>BEST OF CONSULTING: F\u00fcr etablierte Beratungen mit mindestens 10 Mio. Euro Umsatz.<\/li>\n<li>BEST OF CONSULTING MITTELSTAND: F\u00fcr mittelst\u00e4ndische Beratungen mit 0,5 bis 10 Mio. Euro Umsatz.<\/li>\n<li>BEST OF CONSULTING BRANCHENPREIS: F\u00fcr etablierte Beratungen mit mindestens 0,5 Mio. Euro Umsatz.<\/li>\n<\/ul>\n<p>Jede Beratung kann maximal f\u00fcnf Projekte einreichen, jedoch nur ein Projekt pro Kategorie (einschlie\u00dflich Branche).<\/p>\n<p><span data-contrast=\"auto\">Teilen mehrere rechtliche Einheiten eine Beratungsmarke, sind sie f\u00fcr den Wettbewerb als ein Beratungsunternehmen anzusehen.\u00a0<\/span><span data-ccp-props=\"{}\">\u00a0<\/span><\/p>\n<p><span data-contrast=\"auto\">F\u00fcr das Projekt muss gelten:<\/span><span data-ccp-props=\"{}\">\u00a0<\/span><\/p>\n<ul>\n<li><span data-contrast=\"auto\">Die eingereichten Projekte d\u00fcrfen nicht fr\u00fcher als im zweiten vorangegangenen Kalenderjahr abgeschlossen sein \u2013 beispielsweise f\u00fcr den BoC 2026 nicht fr\u00fcher als 1. Januar 2024. Fr\u00fcher eingereichte Projekte k\u00f6nnen bei begr\u00fcndeter Vermutung einer erheblichen Ver\u00e4nderung der Bewertung mit Genehmigung des wissenschaftlichen Begleiters einmal erneut eingereicht werden.<\/span><\/li>\n<li><span data-contrast=\"auto\"> Entweder der Schwerpunkt der Beratungsaktivit\u00e4ten des Projektes oder der Sitz der operativen Projektleitung auf Beraterseite oder beide m\u00fcssen sich in Deutschland, \u00d6sterreich oder der Schweiz befinden.<\/span><\/li>\n<li><span data-contrast=\"auto\"> Die Verg\u00fctung sollte sich in einem weit interpretierten Rahmen des Markt\u00fcblichen bewegen. Pro Bono Projekte sind Projekte, die nicht oder deutlich unter Marktpreis verg\u00fctet werden. Sie sind als solche zu kennzeichnen.<\/span><\/li>\n<\/ul>\n<p><span data-contrast=\"auto\">Die Projekte werden durch die Beantwortung eines Fragebogens, sowie die Einreichung einer Projekt-Pr\u00e4sentation durch die Beratung, erhoben. In einem zweiten Fragebogen beurteilen die benannten Klienten den Erfolg des Projektes. Eine Einreichung gilt erst dann als erfolgreich abgeschlossen, wenn beide Befragungen final eingereicht sind.<\/span><span data-ccp-props=\"{}\">\u00a0<\/span><\/p>\n<p><span data-contrast=\"auto\">Projekte, die im offensichtlichen Widerspruch zu den Nachhaltigkeitszielen der Vereinten Nationen stehen, k\u00f6nnen nicht ausgezeichnet werden<\/span><span data-ccp-props=\"{}\">\u00a0<\/span><\/p>\n<p><span data-contrast=\"auto\">Der wissenschaftliche Partner beh\u00e4lt sich das Recht vor, die Einreichungen ggf. einer anderen als der gew\u00fcnschten Kategorie zuzuordnen. Einreicher, Fachbeir\u00e4te und Juroren werden unverz\u00fcglich \u00fcber eine solche \u00c4nderung benachrichtigt. Der Einreicher kann seine Einreichung jederzeit zur\u00fcckziehen.<\/span><span data-ccp-props=\"{}\">\u00a0<\/span><\/p>\n<p><span data-contrast=\"auto\">Die Solutions by HANDELSBLATT MEDIA GROUP GmbH, die wissenschaftlichen Partner sowie die Mitglieder der Jury behalten sich das Recht vor, Einreichungen, die als nicht geeignet bewertet werden sowie den Bewerbungskriterien nicht entsprechen, vom Wettbewerb auszuschlie\u00dfen.\u00a0<\/span><span data-ccp-props=\"{}\">\u00a0<\/span><\/p>\n<p><span data-contrast=\"auto\">Mit dem Ausf\u00fcllen der Unternehmensinformationen und dem Versand der Bewerbung erkennt sich der Bewerber mit dem Bewerbungsablauf einverstanden und stimmt der Nutzung seiner Daten im Bewerbungsprozess zu. Mit Einreichung der Bewerbung erkl\u00e4rt sich der\/die Teilnehmer\/in damit einverstanden,<\/span><span data-ccp-props=\"{}\">\u00a0<\/span><\/p>\n<ul>\n<li data-leveltext=\"\uf0b7\" data-font=\"Symbol\" data-listid=\"1\" data-list-defn-props=\"{\" aria-setsize=\"-1\" data-aria-posinset=\"1\" data-aria-level=\"1\"><span data-contrast=\"auto\">dass die Solutions by HANDELSBLATT MEDIA GROUP GmbH, der wissenschaftliche Partner sowie die Mitglieder des Fachbeirates und der Jury die eingereichten Inhalte sichten und bewerten,<\/span><span data-ccp-props=\"{}\">\u00a0<\/span><\/li>\n<\/ul>\n<ul>\n<li data-leveltext=\"\uf0b7\" data-font=\"Symbol\" data-listid=\"1\" data-list-defn-props=\"{\" aria-setsize=\"-1\" data-aria-posinset=\"2\" data-aria-level=\"1\"><span data-contrast=\"auto\">dass die Solutions by HANDELSBLATT MEDIA GROUP GmbH die Teilnahme des Unternehmens in einer Kurzpr\u00e4sentation inklusive Bilder und Logo ver\u00f6ffentlicht.<\/span><span data-ccp-props=\"{}\">\u00a0<\/span><\/li>\n<\/ul>\n<p><span data-contrast=\"auto\">Der\/die Teilnehmer\/in r\u00e4umt der Solutions by HANDELSBLATT MEDIA GROUP GmbH, dem wissenschaftlichen Partner, dem Fachbeirat und der Jury die dazu erforderlichen Nutzungsrechte ein. Die Solutions by HANDELSBLATT MEDIA GROUP GmbH, die wissenschaftlichen Partner und die Mitglieder von Fachbeirat und Jury behalten sich das Recht vor, Einreichungen, die als nicht geeignet bewertet werden sowie den Bewerbungskriterien nicht entsprechen, auszuschlie\u00dfen.<\/span><span data-ccp-props=\"{}\">\u00a0<\/span><\/p>\n<p><span data-contrast=\"auto\">Die eingereichten Unterlagen werden mit einem H\u00f6chstma\u00df an Vertraulichkeit behandelt. Alle Einsendungen, die es nicht bis in die finale Auswahlrunde schaffen, werden ohne schriftliches Einverst\u00e4ndnis nicht weitergegeben oder ver\u00f6ffentlicht. Sollte der\/die Teilnehmer\/in dennoch eine schriftliche Vertraulichkeitserkl\u00e4rung ben\u00f6tigen, kann er\/sie diese unter\u202f<\/span><a href=\"mailto:boc-info@wiwo.de\"><span data-contrast=\"auto\">boc-info@wiwo.de<\/span><\/a><span data-contrast=\"auto\">\u202fanfordern. Daf\u00fcr reicht eine E-Mail mit dem Namen des\/der Teilnehmers\/-in und der Projektbezeichnung.<\/span><span data-ccp-props=\"{}\">\u00a0<\/span><\/p>\n<p><span data-contrast=\"auto\">F\u00fcr den Verlust, oder die Unvollst\u00e4ndigkeit der durch die Teilnehmer \u00fcbermittelten Daten \u00fcbernimmt die Solutions by HANDELSBLATT MEDIA GROUP GmbH keinerlei Haftung, es sei denn, der Verlust oder die Unvollst\u00e4ndigkeit beruhen auf vors\u00e4tzlichem oder grob fahrl\u00e4ssigem Verhalten der Veranstalter oder seiner Mitarbeiter. Dies gilt auch f\u00fcr die Bekanntmachung von Informationen durch Dritte aufgrund von technischen Fehlern bei der Daten\u00fcbertragung und\/oder unautorisiertem Zugriff.<\/span><span data-ccp-props=\"{}\">\u00a0<\/span><\/p>\n<p><span data-contrast=\"auto\">Die Teilnahme am \u201eBest of Consulting\u201c-Award ist kostenfrei, es werden keine Geb\u00fchren erhoben. Der Rechtsweg ist ausgeschlossen.<\/span><span data-ccp-props=\"{}\">\u00a0<\/span><\/p>\n<p><span data-ccp-props=\"{}\">\u00a0<\/span><\/p>\n<p><span data-contrast=\"auto\">Stand: 04. Dezember 2025<\/span><span data-ccp-props=\"{}\">\u00a0<\/span><\/p>\n<\/div><\/section><\/div>\n<style type=\"text\/css\" data-created_by=\"avia_inline_auto\" id=\"style-css-av-l0275nxj-aba193c6616c5a95423ba2147cc8a876\">\n#top .hr.hr-invisible.av-l0275nxj-aba193c6616c5a95423ba2147cc8a876{\nheight:50px;\n}\n<\/style>\n<div  class='hr av-l0275nxj-aba193c6616c5a95423ba2147cc8a876 hr-invisible  avia-builder-el-5  el_after_av_one_full  avia-builder-el-last '><span class='hr-inner '><span class=\"hr-inner-style\"><\/span><\/span><\/div>\r\n\r\n","protected":false},"excerpt":{"rendered":"","protected":false},"author":20,"featured_media":0,"parent":0,"menu_order":0,"comment_status":"closed","ping_status":"closed","template":"","meta":{"_acf_changed":false,"footnotes":""},"categories":[],"class_list":["post-13774","page","type-page","status-publish","hentry"],"yoast_head":"<!-- This site is optimized with the Yoast SEO plugin v27.2 - https:\/\/yoast.com\/product\/yoast-seo-wordpress\/ -->\n<title>Teilnahmebedingungen - Best of Consulting<\/title>\n<meta name=\"robots\" content=\"index, follow, max-snippet:-1, max-image-preview:large, max-video-preview:-1\" \/>\n<link rel=\"canonical\" href=\"https:\/\/award.wiwo.de\/boc\/teilnahmebedingungen\/\" \/>\n<meta property=\"og:locale\" content=\"de_DE\" \/>\n<meta property=\"og:type\" content=\"article\" \/>\n<meta property=\"og:title\" content=\"Teilnahmebedingungen - Best of Consulting\" \/>\n<meta property=\"og:url\" content=\"https:\/\/award.wiwo.de\/boc\/teilnahmebedingungen\/\" \/>\n<meta property=\"og:site_name\" content=\"Best of Consulting\" \/>\n<meta property=\"article:modified_time\" content=\"2026-01-30T12:20:59+00:00\" \/>\n<meta name=\"twitter:card\" content=\"summary_large_image\" \/>\n<meta name=\"twitter:label1\" content=\"Gesch\u00e4tzte Lesezeit\" \/>\n\t<meta name=\"twitter:data1\" content=\"4\u00a0Minuten\" \/>\n<script type=\"application\/ld+json\" class=\"yoast-schema-graph\">{\"@context\":\"https:\/\/schema.org\",\"@graph\":[{\"@type\":\"WebPage\",\"@id\":\"https:\/\/award.wiwo.de\/boc\/teilnahmebedingungen\/\",\"url\":\"https:\/\/award.wiwo.de\/boc\/teilnahmebedingungen\/\",\"name\":\"Teilnahmebedingungen - Best of Consulting\",\"isPartOf\":{\"@id\":\"https:\/\/award.wiwo.de\/boc\/#website\"},\"datePublished\":\"2015-10-19T18:58:00+00:00\",\"dateModified\":\"2026-01-30T12:20:59+00:00\",\"breadcrumb\":{\"@id\":\"https:\/\/award.wiwo.de\/boc\/teilnahmebedingungen\/#breadcrumb\"},\"inLanguage\":\"de\",\"potentialAction\":[{\"@type\":\"ReadAction\",\"target\":[\"https:\/\/award.wiwo.de\/boc\/teilnahmebedingungen\/\"]}]},{\"@type\":\"BreadcrumbList\",\"@id\":\"https:\/\/award.wiwo.de\/boc\/teilnahmebedingungen\/#breadcrumb\",\"itemListElement\":[{\"@type\":\"ListItem\",\"position\":1,\"name\":\"Startseite\",\"item\":\"https:\/\/award.wiwo.de\/boc\/startseite\/\"},{\"@type\":\"ListItem\",\"position\":2,\"name\":\"Teilnahmebedingungen\"}]},{\"@type\":\"WebSite\",\"@id\":\"https:\/\/award.wiwo.de\/boc\/#website\",\"url\":\"https:\/\/award.wiwo.de\/boc\/\",\"name\":\"WirtschaftsWoche\",\"description\":\"Der Wettbewerb der WirtschaftsWoche f\u00fcr herausragende Beratungsleistungen\",\"publisher\":{\"@id\":\"https:\/\/award.wiwo.de\/boc\/#organization\"},\"potentialAction\":[{\"@type\":\"SearchAction\",\"target\":{\"@type\":\"EntryPoint\",\"urlTemplate\":\"https:\/\/award.wiwo.de\/boc\/?s={search_term_string}\"},\"query-input\":{\"@type\":\"PropertyValueSpecification\",\"valueRequired\":true,\"valueName\":\"search_term_string\"}}],\"inLanguage\":\"de\"},{\"@type\":\"Organization\",\"@id\":\"https:\/\/award.wiwo.de\/boc\/#organization\",\"name\":\"Best of Consulting\",\"url\":\"https:\/\/award.wiwo.de\/boc\/\",\"logo\":{\"@type\":\"ImageObject\",\"inLanguage\":\"de\",\"@id\":\"https:\/\/award.wiwo.de\/boc\/#\/schema\/logo\/image\/\",\"url\":\"https:\/\/award.wiwo.de\/boc\/wp-content\/uploads\/sites\/21\/2022\/02\/boc-logo.png\",\"contentUrl\":\"https:\/\/award.wiwo.de\/boc\/wp-content\/uploads\/sites\/21\/2022\/02\/boc-logo.png\",\"width\":225,\"height\":80,\"caption\":\"Best of Consulting\"},\"image\":{\"@id\":\"https:\/\/award.wiwo.de\/boc\/#\/schema\/logo\/image\/\"}}]}<\/script>\n<!-- \/ Yoast SEO plugin. -->","yoast_head_json":{"title":"Teilnahmebedingungen - Best of Consulting","robots":{"index":"index","follow":"follow","max-snippet":"max-snippet:-1","max-image-preview":"max-image-preview:large","max-video-preview":"max-video-preview:-1"},"canonical":"https:\/\/award.wiwo.de\/boc\/teilnahmebedingungen\/","og_locale":"de_DE","og_type":"article","og_title":"Teilnahmebedingungen - Best of Consulting","og_url":"https:\/\/award.wiwo.de\/boc\/teilnahmebedingungen\/","og_site_name":"Best of Consulting","article_modified_time":"2026-01-30T12:20:59+00:00","twitter_card":"summary_large_image","twitter_misc":{"Gesch\u00e4tzte Lesezeit":"4\u00a0Minuten"},"schema":{"@context":"https:\/\/schema.org","@graph":[{"@type":"WebPage","@id":"https:\/\/award.wiwo.de\/boc\/teilnahmebedingungen\/","url":"https:\/\/award.wiwo.de\/boc\/teilnahmebedingungen\/","name":"Teilnahmebedingungen - Best of Consulting","isPartOf":{"@id":"https:\/\/award.wiwo.de\/boc\/#website"},"datePublished":"2015-10-19T18:58:00+00:00","dateModified":"2026-01-30T12:20:59+00:00","breadcrumb":{"@id":"https:\/\/award.wiwo.de\/boc\/teilnahmebedingungen\/#breadcrumb"},"inLanguage":"de","potentialAction":[{"@type":"ReadAction","target":["https:\/\/award.wiwo.de\/boc\/teilnahmebedingungen\/"]}]},{"@type":"BreadcrumbList","@id":"https:\/\/award.wiwo.de\/boc\/teilnahmebedingungen\/#breadcrumb","itemListElement":[{"@type":"ListItem","position":1,"name":"Startseite","item":"https:\/\/award.wiwo.de\/boc\/startseite\/"},{"@type":"ListItem","position":2,"name":"Teilnahmebedingungen"}]},{"@type":"WebSite","@id":"https:\/\/award.wiwo.de\/boc\/#website","url":"https:\/\/award.wiwo.de\/boc\/","name":"WirtschaftsWoche","description":"Der Wettbewerb der WirtschaftsWoche f\u00fcr herausragende Beratungsleistungen","publisher":{"@id":"https:\/\/award.wiwo.de\/boc\/#organization"},"potentialAction":[{"@type":"SearchAction","target":{"@type":"EntryPoint","urlTemplate":"https:\/\/award.wiwo.de\/boc\/?s={search_term_string}"},"query-input":{"@type":"PropertyValueSpecification","valueRequired":true,"valueName":"search_term_string"}}],"inLanguage":"de"},{"@type":"Organization","@id":"https:\/\/award.wiwo.de\/boc\/#organization","name":"Best of Consulting","url":"https:\/\/award.wiwo.de\/boc\/","logo":{"@type":"ImageObject","inLanguage":"de","@id":"https:\/\/award.wiwo.de\/boc\/#\/schema\/logo\/image\/","url":"https:\/\/award.wiwo.de\/boc\/wp-content\/uploads\/sites\/21\/2022\/02\/boc-logo.png","contentUrl":"https:\/\/award.wiwo.de\/boc\/wp-content\/uploads\/sites\/21\/2022\/02\/boc-logo.png","width":225,"height":80,"caption":"Best of Consulting"},"image":{"@id":"https:\/\/award.wiwo.de\/boc\/#\/schema\/logo\/image\/"}}]}},"acf":[],"_links":{"self":[{"href":"https:\/\/award.wiwo.de\/boc\/wp-json\/wp\/v2\/pages\/13774","targetHints":{"allow":["GET"]}}],"collection":[{"href":"https:\/\/award.wiwo.de\/boc\/wp-json\/wp\/v2\/pages"}],"about":[{"href":"https:\/\/award.wiwo.de\/boc\/wp-json\/wp\/v2\/types\/page"}],"author":[{"embeddable":true,"href":"https:\/\/award.wiwo.de\/boc\/wp-json\/wp\/v2\/users\/20"}],"replies":[{"embeddable":true,"href":"https:\/\/award.wiwo.de\/boc\/wp-json\/wp\/v2\/comments?post=13774"}],"version-history":[{"count":46,"href":"https:\/\/award.wiwo.de\/boc\/wp-json\/wp\/v2\/pages\/13774\/revisions"}],"predecessor-version":[{"id":19125,"href":"https:\/\/award.wiwo.de\/boc\/wp-json\/wp\/v2\/pages\/13774\/revisions\/19125"}],"wp:attachment":[{"href":"https:\/\/award.wiwo.de\/boc\/wp-json\/wp\/v2\/media?parent=13774"}],"wp:term":[{"taxonomy":"category","embeddable":true,"href":"https:\/\/award.wiwo.de\/boc\/wp-json\/wp\/v2\/categories?post=13774"}],"curies":[{"name":"wp","href":"https:\/\/api.w.org\/{rel}","templated":true}]}}